{"id":3464,"date":"2022-03-13T09:50:08","date_gmt":"2022-03-13T08:50:08","guid":{"rendered":"https:\/\/mentorix.dk\/?post_type=product&#038;p=3464"},"modified":"2026-02-03T11:06:41","modified_gmt":"2026-02-03T10:06:41","slug":"management-of-risk-foundation","status":"publish","type":"product","link":"https:\/\/mentorix.dk\/en\/courses\/management-of-risk-foundation\/","title":{"rendered":"M_o_R Foundation"},"content":{"rendered":"<p>M_o_R Foundation, <strong>M<\/strong>anagement <strong>o<\/strong>f <strong>R<\/strong>isk er en internationalt anerkendt akkreditering under Axelos. Kurset er i familie med andre Best Practice kurser som <a href=\"https:\/\/mentorix.dk\/kurser\/prince2-foundation\/\">Prince2\u00ae<\/a>, <a href=\"https:\/\/mentorix.dk\/kurser\/msp-foundation\/\">MSP\u00ae<\/a> og <a href=\"https:\/\/mentorix.dk\/kurser\/mop-foundation\/\">MoP\u00ae<\/a>.\u00a0Metoden s\u00e6tter virksomheder i stand til at tr\u00e6ffe strategiske beslutninger p\u00e5 baggrund af risikoniveauet. M_o_R bruges verden over af tusinder af virksomheder og er egnet til b\u00e5de sm\u00e5 og store, samt private og offentlige virksomheder. Som certificeret risk manager er du afg\u00f8rende for at sikre succes i projektet ved at tilf\u00f8je projektet professionel styring af risici. Selve metoden er baseret p\u00e5 forskellige teknikker som f.eks. vurdering af risici, balancering af risiko og konsekvens, effektiv udarbejdelse af &#8211; og styring efter &#8211; risiko log, etc.<\/p>\n<p>Moderne organisationer oplevere i stigende grad behov for at forst\u00e5 risiko for bedre at forvalte investering i projekter. M_o_R Foundation handler om, hvordan man h\u00e5ndterer risiko i Portef\u00f8lger, Programmer eller Projekter (PPP). Skifte forhold i forretningsmilj\u00f8er, \u00f8get kompleksitet, kortere strategisk horisont, mm. p\u00e5virker virksomhedens beslutningskraft og strategiske form\u00e5en. Men M_o_R bliver risikostyring sat i system, der bliver skabt transparens og prioriteringer kan tr\u00e6ffes p\u00e5 et oplyst beslutningsgrundlag. <a href=\"https:\/\/www.axelos.com\/certifications\/propath\/mor-risk-management\" target=\"_blank\" rel=\"noopener\">L\u00e6s om M_o_R certificeringen hos akkrediterende organsation AXELOS (ENG)<\/a><\/p>\n<h5>M\u00e5let med kurset<\/h5>\n<ul>\n<li>Du f\u00e5r en forst\u00e5else for risiko og risikostyring og forretningsgevinsterne ved at have styr p\u00e5 risici og trusler i virksomheden.<\/li>\n<li>Du l\u00e6rer at betragte risici fra forskellige perspektiver, bl.a. strategi, program, projekt og drift og vurdere hvorn\u00e5r risikostyring b\u00f8r anvendes.<\/li>\n<li>M_o_R Foundation hj\u00e6lper dig med at identificere og vurdere typiske trusler og muligheder, der er v\u00e6sentlige for forretningen og m\u00e5ls\u00e6tningerne.<\/li>\n<li>Du f\u00e5r nogle principper, teknikker og processer du kan bruge i praksis til at h\u00e5ndtere risici i organisationen og tr\u00e6ffe informerede beslutninger.<\/li>\n<\/ul>\n<h5>Hvem er dette kursus til?<\/h5>\n<p>M_o_R Foundation er velegnet til alle, som arbejder med risikostyring p\u00e5 et strategisk program-, projekt- eller operationelt niveau.\u00a0Kurset er for dig, som er leder eller medarbejder og som \u00f8nsker en grundl\u00e6ggende forst\u00e5else for h\u00e5ndteringen af risici.<\/p>\n<div class=\"wpb_text_column wpb_content_element \">\n<h5 class=\"wpb_wrapper\">Foruds\u00e6tninger<\/h5>\n<\/div>\n<div class=\"wpb_text_column wpb_content_element \">\n<div class=\"wpb_wrapper\">\n<p>Du beh\u00f8ver ikke have taget andre kurser for at starte p\u00e5 M_O_R Foundation.<\/p>\n<\/div>\n<\/div>\n","protected":false},"excerpt":{"rendered":"<ul>\n<li>12 m\u00e5neders adgang<\/li>\n<li>Akkrediteret certificering fra PeopleCert<\/li>\n<li>Officiel Online eksamen<\/li>\n<li>Officiel M_O_R\u00ae manual<\/li>\n<li>Prisgaranti<\/li>\n<\/ul>\n","protected":false},"featured_media":35128,"template":"","meta":{"_acf_changed":false,"site-sidebar-layout":"default","site-content-layout":"default","ast-site-content-layout":"default","site-content-style":"default","site-sidebar-style":"default","ast-global-header-display":"","ast-banner-title-visibility":"","ast-main-header-display":"","ast-hfb-above-header-display":"","ast-hfb-below-header-display":"","ast-hfb-mobile-header-display":"","site-post-title":"","ast-breadcrumbs-content":"","ast-featured-img":"","footer-sml-layout":"","ast-disable-related-posts":"","theme-transparent-header-meta":"default","adv-header-id-meta":"","stick-header-meta":"","header-above-stick-meta":"","header-main-stick-meta":"","header-below-stick-meta":"","astra-migrate-meta-layouts":"set","ast-page-background-enabled":"default","ast-page-background-meta":{"desktop":{"background-color":"","background-image":"","background-repeat":"repeat","background-position":"center center","background-size":"auto","background-attachment":"scroll","background-type":"","background-media":"","overlay-type":"","overlay-color":"","overlay-opacity":"","overlay-gradient":""},"tablet":{"background-color":"","background-image":"","background-repeat":"repeat","background-position":"center center","background-size":"auto","background-attachment":"scroll","background-type":"","background-media":"","overlay-type":"","overlay-color":"","overlay-opacity":"","overlay-gradient":""},"mobile":{"background-color":"","background-image":"","background-repeat":"repeat","background-position":"center center","background-size":"auto","background-attachment":"scroll","background-type":"","background-media":"","overlay-type":"","overlay-color":"","overlay-opacity":"","overlay-gradient":""}},"ast-content-background-meta":{"desktop":{"background-color":"var(--ast-global-color-5)","background-image":"","background-repeat":"repeat","background-position":"center center","background-size":"auto","background-attachment":"scroll","background-type":"","background-media":"","overlay-type":"","overlay-color":"","overlay-opacity":"","overlay-gradient":""},"tablet":{"background-color":"var(--ast-global-color-5)","background-image":"","background-repeat":"repeat","background-position":"center center","background-size":"auto","background-attachment":"scroll","background-type":"","background-media":"","overlay-type":"","overlay-color":"","overlay-opacity":"","overlay-gradient":""},"mobile":{"background-color":"var(--ast-global-color-5)","background-image":"","background-repeat":"repeat","background-position":"center center","background-size":"auto","background-attachment":"scroll","background-type":"","background-media":"","overlay-type":"","overlay-color":"","overlay-opacity":"","overlay-gradient":""}}},"product_brand":[],"product_cat":[480,228],"product_tag":[453,231,260,334,329,259,247,294,236,450],"class_list":{"0":"post-3464","1":"product","2":"type-product","3":"status-publish","4":"has-post-thumbnail","6":"product_cat-prince2-risk-programme-and-portfolio-management","7":"product_cat-project-program-and-portfolio-management","8":"product_tag-all","9":"product_tag-best-practice-en","10":"product_tag-e-learning-en","11":"product_tag-e-learning-en-2","12":"product_tag-management-of-risk-en","13":"product_tag-online-en","14":"product_tag-peoplecert-en","15":"product_tag-program-management","16":"product_tag-project-management-en","17":"product_tag-project-management-tag","18":"desktop-align-left","19":"tablet-align-left","20":"mobile-align-left","21":"ast-product-gallery-layout-horizontal-slider","22":"ast-product-gallery-with-no-image","23":"ast-product-single-variable","24":"ast-product-tabs-layout-horizontal","26":"first","27":"instock","28":"taxable","29":"shipping-taxable","30":"purchasable","31":"product-type-variable"},"exclude_global_add_ons":[],"addons":[],"acf":[],"yoast_head":"<!-- This site is optimized with the Yoast SEO plugin v27.5 - https:\/\/yoast.com\/product\/yoast-seo-wordpress\/ -->\n<title>M_o_R Foundation | bliv certificeret i styring af risiko | e-L\u00e6ring<\/title>\n<meta name=\"description\" content=\"M_o_R Foundation | Bliv certificeret | professionel h\u00e5ndtering af risiko i projekter | Akkrediteret af AXELOS | e-l\u00e6ring | dansk | PRISGARANTI | Mentorix\" \/>\n<meta name=\"robots\" content=\"index, follow, max-snippet:-1, max-image-preview:large, max-video-preview:-1\" \/>\n<link rel=\"canonical\" href=\"https:\/\/mentorix.dk\/en\/courses\/management-of-risk-foundation\/\" \/>\n<meta property=\"og:locale\" content=\"en_US\" \/>\n<meta property=\"og:type\" content=\"article\" \/>\n<meta property=\"og:title\" content=\"M_o_R Foundation | bliv certificeret i styring af risiko | e-L\u00e6ring\" \/>\n<meta property=\"og:description\" content=\"M_o_R Foundation | Bliv certificeret | professionel h\u00e5ndtering af risiko i projekter | Akkrediteret af AXELOS | e-l\u00e6ring | dansk | PRISGARANTI | Mentorix\" \/>\n<meta property=\"og:url\" content=\"https:\/\/mentorix.dk\/en\/courses\/management-of-risk-foundation\/\" \/>\n<meta property=\"og:site_name\" content=\"Mentorix\" \/>\n<meta property=\"article:publisher\" content=\"https:\/\/www.facebook.com\/Mentorix\/\" \/>\n<meta property=\"article:modified_time\" content=\"2026-02-03T10:06:41+00:00\" \/>\n<meta property=\"og:image\" content=\"https:\/\/mentorix.dk\/wp-content\/uploads\/2022\/03\/Risk-management.webp\" \/>\n\t<meta property=\"og:image:width\" content=\"800\" \/>\n\t<meta property=\"og:image:height\" content=\"400\" \/>\n\t<meta property=\"og:image:type\" content=\"image\/webp\" \/>\n<meta name=\"twitter:card\" content=\"summary_large_image\" \/>\n<meta name=\"twitter:label1\" content=\"Est. reading time\" \/>\n\t<meta name=\"twitter:data1\" content=\"2 minutes\" \/>\n<script type=\"application\/ld+json\" class=\"yoast-schema-graph\">{\"@context\":\"https:\\\/\\\/schema.org\",\"@graph\":[{\"@type\":\"WebPage\",\"@id\":\"https:\\\/\\\/mentorix.dk\\\/en\\\/courses\\\/management-of-risk-foundation\\\/\",\"url\":\"https:\\\/\\\/mentorix.dk\\\/en\\\/courses\\\/management-of-risk-foundation\\\/\",\"name\":\"M_o_R Foundation | bliv certificeret i styring af risiko | e-L\u00e6ring\",\"isPartOf\":{\"@id\":\"https:\\\/\\\/mentorix.dk\\\/en\\\/#website\"},\"primaryImageOfPage\":{\"@id\":\"https:\\\/\\\/mentorix.dk\\\/en\\\/courses\\\/management-of-risk-foundation\\\/#primaryimage\"},\"image\":{\"@id\":\"https:\\\/\\\/mentorix.dk\\\/en\\\/courses\\\/management-of-risk-foundation\\\/#primaryimage\"},\"thumbnailUrl\":\"https:\\\/\\\/mentorix.dk\\\/wp-content\\\/uploads\\\/2022\\\/03\\\/Risk-management.webp\",\"datePublished\":\"2022-03-13T08:50:08+00:00\",\"dateModified\":\"2026-02-03T10:06:41+00:00\",\"description\":\"M_o_R Foundation | Bliv certificeret | professionel h\u00e5ndtering af risiko i projekter | Akkrediteret af AXELOS | e-l\u00e6ring | dansk | PRISGARANTI | Mentorix\",\"breadcrumb\":{\"@id\":\"https:\\\/\\\/mentorix.dk\\\/en\\\/courses\\\/management-of-risk-foundation\\\/#breadcrumb\"},\"inLanguage\":\"en-US\",\"potentialAction\":[{\"@type\":\"ReadAction\",\"target\":[\"https:\\\/\\\/mentorix.dk\\\/en\\\/courses\\\/management-of-risk-foundation\\\/\"]}]},{\"@type\":\"ImageObject\",\"inLanguage\":\"en-US\",\"@id\":\"https:\\\/\\\/mentorix.dk\\\/en\\\/courses\\\/management-of-risk-foundation\\\/#primaryimage\",\"url\":\"https:\\\/\\\/mentorix.dk\\\/wp-content\\\/uploads\\\/2022\\\/03\\\/Risk-management.webp\",\"contentUrl\":\"https:\\\/\\\/mentorix.dk\\\/wp-content\\\/uploads\\\/2022\\\/03\\\/Risk-management.webp\",\"width\":800,\"height\":400,\"caption\":\"Risikostyring\"},{\"@type\":\"BreadcrumbList\",\"@id\":\"https:\\\/\\\/mentorix.dk\\\/en\\\/courses\\\/management-of-risk-foundation\\\/#breadcrumb\",\"itemListElement\":[{\"@type\":\"ListItem\",\"position\":1,\"name\":\"Home\",\"item\":\"https:\\\/\\\/mentorix.dk\\\/en\\\/\"},{\"@type\":\"ListItem\",\"position\":2,\"name\":\"Course Overview\",\"item\":\"https:\\\/\\\/mentorix.dk\\\/kursusoversigt\\\/\"},{\"@type\":\"ListItem\",\"position\":3,\"name\":\"M_o_R Foundation\"}]},{\"@type\":\"WebSite\",\"@id\":\"https:\\\/\\\/mentorix.dk\\\/en\\\/#website\",\"url\":\"https:\\\/\\\/mentorix.dk\\\/en\\\/\",\"name\":\"Mentorix\",\"description\":\"Kursus i projektledelse | Bliv certificeret projektleder | Mentorix\",\"publisher\":{\"@id\":\"https:\\\/\\\/mentorix.dk\\\/en\\\/#organization\"},\"potentialAction\":[{\"@type\":\"SearchAction\",\"target\":{\"@type\":\"EntryPoint\",\"urlTemplate\":\"https:\\\/\\\/mentorix.dk\\\/en\\\/?s={search_term_string}\"},\"query-input\":{\"@type\":\"PropertyValueSpecification\",\"valueRequired\":true,\"valueName\":\"search_term_string\"}}],\"inLanguage\":\"en-US\"},{\"@type\":\"Organization\",\"@id\":\"https:\\\/\\\/mentorix.dk\\\/en\\\/#organization\",\"name\":\"Mentorix\",\"url\":\"https:\\\/\\\/mentorix.dk\\\/en\\\/\",\"logo\":{\"@type\":\"ImageObject\",\"inLanguage\":\"en-US\",\"@id\":\"https:\\\/\\\/mentorix.dk\\\/en\\\/#\\\/schema\\\/logo\\\/image\\\/\",\"url\":\"https:\\\/\\\/mentorix.dk\\\/wp-content\\\/uploads\\\/2022\\\/12\\\/image005.png\",\"contentUrl\":\"https:\\\/\\\/mentorix.dk\\\/wp-content\\\/uploads\\\/2022\\\/12\\\/image005.png\",\"width\":1057,\"height\":324,\"caption\":\"Mentorix\"},\"image\":{\"@id\":\"https:\\\/\\\/mentorix.dk\\\/en\\\/#\\\/schema\\\/logo\\\/image\\\/\"},\"sameAs\":[\"https:\\\/\\\/www.facebook.com\\\/Mentorix\\\/\",\"https:\\\/\\\/www.linkedin.com\\\/company\\\/mentorixdk\\\/\"]}]}<\/script>\n<!-- \/ Yoast SEO plugin. -->","yoast_head_json":{"title":"M_o_R Foundation | bliv certificeret i styring af risiko | e-L\u00e6ring","description":"M_o_R Foundation | Bliv certificeret | professionel h\u00e5ndtering af risiko i projekter | Akkrediteret af AXELOS | e-l\u00e6ring | dansk | PRISGARANTI | Mentorix","robots":{"index":"index","follow":"follow","max-snippet":"max-snippet:-1","max-image-preview":"max-image-preview:large","max-video-preview":"max-video-preview:-1"},"canonical":"https:\/\/mentorix.dk\/en\/courses\/management-of-risk-foundation\/","og_locale":"en_US","og_type":"article","og_title":"M_o_R Foundation | bliv certificeret i styring af risiko | e-L\u00e6ring","og_description":"M_o_R Foundation | Bliv certificeret | professionel h\u00e5ndtering af risiko i projekter | Akkrediteret af AXELOS | e-l\u00e6ring | dansk | PRISGARANTI | Mentorix","og_url":"https:\/\/mentorix.dk\/en\/courses\/management-of-risk-foundation\/","og_site_name":"Mentorix","article_publisher":"https:\/\/www.facebook.com\/Mentorix\/","article_modified_time":"2026-02-03T10:06:41+00:00","og_image":[{"width":800,"height":400,"url":"https:\/\/mentorix.dk\/wp-content\/uploads\/2022\/03\/Risk-management.webp","type":"image\/webp"}],"twitter_card":"summary_large_image","twitter_misc":{"Est. reading time":"2 minutes"},"schema":{"@context":"https:\/\/schema.org","@graph":[{"@type":"WebPage","@id":"https:\/\/mentorix.dk\/en\/courses\/management-of-risk-foundation\/","url":"https:\/\/mentorix.dk\/en\/courses\/management-of-risk-foundation\/","name":"M_o_R Foundation | bliv certificeret i styring af risiko | e-L\u00e6ring","isPartOf":{"@id":"https:\/\/mentorix.dk\/en\/#website"},"primaryImageOfPage":{"@id":"https:\/\/mentorix.dk\/en\/courses\/management-of-risk-foundation\/#primaryimage"},"image":{"@id":"https:\/\/mentorix.dk\/en\/courses\/management-of-risk-foundation\/#primaryimage"},"thumbnailUrl":"https:\/\/mentorix.dk\/wp-content\/uploads\/2022\/03\/Risk-management.webp","datePublished":"2022-03-13T08:50:08+00:00","dateModified":"2026-02-03T10:06:41+00:00","description":"M_o_R Foundation | Bliv certificeret | professionel h\u00e5ndtering af risiko i projekter | Akkrediteret af AXELOS | e-l\u00e6ring | dansk | PRISGARANTI | Mentorix","breadcrumb":{"@id":"https:\/\/mentorix.dk\/en\/courses\/management-of-risk-foundation\/#breadcrumb"},"inLanguage":"en-US","potentialAction":[{"@type":"ReadAction","target":["https:\/\/mentorix.dk\/en\/courses\/management-of-risk-foundation\/"]}]},{"@type":"ImageObject","inLanguage":"en-US","@id":"https:\/\/mentorix.dk\/en\/courses\/management-of-risk-foundation\/#primaryimage","url":"https:\/\/mentorix.dk\/wp-content\/uploads\/2022\/03\/Risk-management.webp","contentUrl":"https:\/\/mentorix.dk\/wp-content\/uploads\/2022\/03\/Risk-management.webp","width":800,"height":400,"caption":"Risikostyring"},{"@type":"BreadcrumbList","@id":"https:\/\/mentorix.dk\/en\/courses\/management-of-risk-foundation\/#breadcrumb","itemListElement":[{"@type":"ListItem","position":1,"name":"Home","item":"https:\/\/mentorix.dk\/en\/"},{"@type":"ListItem","position":2,"name":"Course Overview","item":"https:\/\/mentorix.dk\/kursusoversigt\/"},{"@type":"ListItem","position":3,"name":"M_o_R Foundation"}]},{"@type":"WebSite","@id":"https:\/\/mentorix.dk\/en\/#website","url":"https:\/\/mentorix.dk\/en\/","name":"Mentorix","description":"Kursus i projektledelse | Bliv certificeret projektleder | Mentorix","publisher":{"@id":"https:\/\/mentorix.dk\/en\/#organization"},"potentialAction":[{"@type":"SearchAction","target":{"@type":"EntryPoint","urlTemplate":"https:\/\/mentorix.dk\/en\/?s={search_term_string}"},"query-input":{"@type":"PropertyValueSpecification","valueRequired":true,"valueName":"search_term_string"}}],"inLanguage":"en-US"},{"@type":"Organization","@id":"https:\/\/mentorix.dk\/en\/#organization","name":"Mentorix","url":"https:\/\/mentorix.dk\/en\/","logo":{"@type":"ImageObject","inLanguage":"en-US","@id":"https:\/\/mentorix.dk\/en\/#\/schema\/logo\/image\/","url":"https:\/\/mentorix.dk\/wp-content\/uploads\/2022\/12\/image005.png","contentUrl":"https:\/\/mentorix.dk\/wp-content\/uploads\/2022\/12\/image005.png","width":1057,"height":324,"caption":"Mentorix"},"image":{"@id":"https:\/\/mentorix.dk\/en\/#\/schema\/logo\/image\/"},"sameAs":["https:\/\/www.facebook.com\/Mentorix\/","https:\/\/www.linkedin.com\/company\/mentorixdk\/"]}]}},"_links":{"self":[{"href":"https:\/\/mentorix.dk\/en\/wp-json\/wp\/v2\/product\/3464","targetHints":{"allow":["GET"]}}],"collection":[{"href":"https:\/\/mentorix.dk\/en\/wp-json\/wp\/v2\/product"}],"about":[{"href":"https:\/\/mentorix.dk\/en\/wp-json\/wp\/v2\/types\/product"}],"wp:featuredmedia":[{"embeddable":true,"href":"https:\/\/mentorix.dk\/en\/wp-json\/wp\/v2\/media\/35128"}],"wp:attachment":[{"href":"https:\/\/mentorix.dk\/en\/wp-json\/wp\/v2\/media?parent=3464"}],"wp:term":[{"taxonomy":"product_brand","embeddable":true,"href":"https:\/\/mentorix.dk\/en\/wp-json\/wp\/v2\/product_brand?post=3464"},{"taxonomy":"product_cat","embeddable":true,"href":"https:\/\/mentorix.dk\/en\/wp-json\/wp\/v2\/product_cat?post=3464"},{"taxonomy":"product_tag","embeddable":true,"href":"https:\/\/mentorix.dk\/en\/wp-json\/wp\/v2\/product_tag?post=3464"}],"curies":[{"name":"wp","href":"https:\/\/api.w.org\/{rel}","templated":true}]}}