{"id":8535,"date":"2023-02-13T10:32:41","date_gmt":"2023-02-13T09:32:41","guid":{"rendered":"https:\/\/mentorix.dk\/?post_type=product&#038;p=8535"},"modified":"2025-06-17T14:39:03","modified_gmt":"2025-06-17T12:39:03","slug":"itil-4-foundation-master-it-service-management-master-it-service-management","status":"publish","type":"product","link":"https:\/\/mentorix.dk\/en\/courses\/itil-4-foundation-master-it-service-management-master-it-service-management\/","title":{"rendered":"ITIL Foundation manual &#8211; 4 edition"},"content":{"rendered":"<div class=\"flex max-w-full flex-col flex-grow\">\n<div class=\"min-h-8 text-message flex w-full flex-col items-end gap-2 whitespace-normal break-words [.text-message+&amp;]:mt-5\" dir=\"auto\" data-message-author-role=\"assistant\" data-message-id=\"acfb621c-ed8c-4a9d-9533-618caa7d3327\" data-message-model-slug=\"gpt-4o\">\n<div class=\"flex w-full flex-col gap-1 empty:hidden first:pt-[3px]\">\n<div class=\"markdown prose w-full break-words dark:prose-invert light\">\n<p>ITIL4-manualen er en af de mest udbredte rammer inden for IT Service Management (ITSM). ITIL (Information Technology Infrastructure Library) blev oprindeligt udviklet af den britiske regering i 1980&#8217;erne, og ITIL4 er den seneste version fra<a href=\"https:\/\/www.peoplecert.org\/browse-certifications\/it-governance-and-service-management\"> PeopleCert<\/a>, der er tilpasset nutidens dynamiske og digitale IT-milj\u00f8er. Manualen hj\u00e6lper organisationer med at forbedre deres it-tjenester ved at give strukturerede anbefalinger til styring af it-processer og -tjenester.<\/p>\n<p>ITIL4 introducerer et fleksibelt og holistisk syn p\u00e5 service management, hvilket g\u00f8r det muligt for organisationer at tilpasse sig hurtige forandringer og arbejde mere smidigt. En af de centrale begreber i ITIL4 er Service Value System (SVS), som fokuserer p\u00e5 at skabe v\u00e6rdi for b\u00e5de kunder og interessenter. Dette system omfatter forskellige komponenter som principper, styringsmodeller og processer, der hj\u00e6lper organisationer med at tilpasse sig deres forretningsm\u00e5l.<\/p>\n<p>Manualen er opbygget omkring de fem centrale ITIL4-principper: Fokuser p\u00e5 v\u00e6rdi, start hvor du er, v\u00e6r iterativ og s\u00f8g feedback, samarbejd og fremm\u00f8d synlighed, og v\u00e6r enkel og praktisk. Disse principper guider organisationer i at levere effektive it-tjenester med fokus p\u00e5 kundetilfredshed og forbedret effektivitet.<\/p>\n<p>En v\u00e6sentlig \u00e6ndring i ITIL4 i forhold til tidligere versioner er integrationen af moderne it-praksisser som DevOps, Agileog Lean. Disse metoder sikrer, at it-afdelinger kan reagere hurtigt p\u00e5 forretningsbehov og samtidig bevare stabilitet og kontrol.<\/p>\n<p>For organisationer, der \u00f8nsker at optimere deres it-tjenester og skabe mere v\u00e6rdi, er ITIL4 en uundv\u00e6rlig vejledning. Manualen g\u00f8r det muligt for dem at strukturere deres serviceleverancer, forbedre kvaliteten og tilpasse sig en stadig mere digital verden.<\/p>\n<\/div>\n<\/div>\n<\/div>\n<\/div>\n<p>&nbsp;<\/p>\n","protected":false},"excerpt":{"rendered":"<p><strong>Format:\u00a0<\/strong>Bog, indbundet<br \/>\n<strong>Udgivelsesdato:<\/strong>\u00a02019<br \/>\n<strong>Sprog:\u00a0<\/strong>Engelsk<br \/>\n<strong>Sidetal: <\/strong>209<\/p>\n","protected":false},"featured_media":0,"template":"","meta":{"_acf_changed":false,"site-sidebar-layout":"default","site-content-layout":"default","ast-site-content-layout":"default","site-content-style":"default","site-sidebar-style":"default","ast-global-header-display":"","ast-banner-title-visibility":"","ast-main-header-display":"","ast-hfb-above-header-display":"","ast-hfb-below-header-display":"","ast-hfb-mobile-header-display":"","site-post-title":"","ast-breadcrumbs-content":"","ast-featured-img":"","footer-sml-layout":"","ast-disable-related-posts":"","theme-transparent-header-meta":"default","adv-header-id-meta":"","stick-header-meta":"","header-above-stick-meta":"","header-main-stick-meta":"","header-below-stick-meta":"","astra-migrate-meta-layouts":"set","ast-page-background-enabled":"default","ast-page-background-meta":{"desktop":{"background-color":"","background-image":"","background-repeat":"repeat","background-position":"center center","background-size":"auto","background-attachment":"scroll","background-type":"","background-media":"","overlay-type":"","overlay-color":"","overlay-opacity":"","overlay-gradient":""},"tablet":{"background-color":"","background-image":"","background-repeat":"repeat","background-position":"center center","background-size":"auto","background-attachment":"scroll","background-type":"","background-media":"","overlay-type":"","overlay-color":"","overlay-opacity":"","overlay-gradient":""},"mobile":{"background-color":"","background-image":"","background-repeat":"repeat","background-position":"center center","background-size":"auto","background-attachment":"scroll","background-type":"","background-media":"","overlay-type":"","overlay-color":"","overlay-opacity":"","overlay-gradient":""}},"ast-content-background-meta":{"desktop":{"background-color":"var(--ast-global-color-5)","background-image":"","background-repeat":"repeat","background-position":"center center","background-size":"auto","background-attachment":"scroll","background-type":"","background-media":"","overlay-type":"","overlay-color":"","overlay-opacity":"","overlay-gradient":""},"tablet":{"background-color":"var(--ast-global-color-5)","background-image":"","background-repeat":"repeat","background-position":"center center","background-size":"auto","background-attachment":"scroll","background-type":"","background-media":"","overlay-type":"","overlay-color":"","overlay-opacity":"","overlay-gradient":""},"mobile":{"background-color":"var(--ast-global-color-5)","background-image":"","background-repeat":"repeat","background-position":"center center","background-size":"auto","background-attachment":"scroll","background-type":"","background-media":"","overlay-type":"","overlay-color":"","overlay-opacity":"","overlay-gradient":""}}},"product_brand":[],"product_cat":[340],"product_tag":[],"class_list":{"0":"post-8535","1":"product","2":"type-product","3":"status-publish","5":"product_cat-manuals","6":"desktop-align-left","7":"tablet-align-left","8":"mobile-align-left","9":"ast-product-gallery-layout-horizontal-slider","10":"ast-product-gallery-with-no-image","11":"ast-product-tabs-layout-horizontal","13":"first","14":"instock","15":"taxable","16":"shipping-taxable","17":"purchasable","18":"product-type-simple"},"exclude_global_add_ons":[],"addons":[],"acf":[],"yoast_head":"<!-- This site is optimized with the Yoast SEO plugin v27.5 - https:\/\/yoast.com\/product\/yoast-seo-wordpress\/ -->\n<title>ITIL Foundation manual - 4 edition - Mentorix<\/title>\n<meta name=\"description\" content=\"Get ITIL 4 Foundation certified: Learn IT service management, digital service delivery, and value streams to enhance IT operations effectively\" \/>\n<meta name=\"robots\" content=\"index, follow, max-snippet:-1, max-image-preview:large, max-video-preview:-1\" \/>\n<link rel=\"canonical\" href=\"https:\/\/mentorix.dk\/en\/courses\/itil-4-foundation-master-it-service-management-master-it-service-management\/\" \/>\n<meta property=\"og:locale\" content=\"en_US\" \/>\n<meta property=\"og:type\" content=\"article\" \/>\n<meta property=\"og:title\" content=\"ITIL Foundation manual - 4 edition - Mentorix\" \/>\n<meta property=\"og:description\" content=\"Get ITIL 4 Foundation certified: Learn IT service management, digital service delivery, and value streams to enhance IT operations effectively\" \/>\n<meta property=\"og:url\" content=\"https:\/\/mentorix.dk\/en\/courses\/itil-4-foundation-master-it-service-management-master-it-service-management\/\" \/>\n<meta property=\"og:site_name\" content=\"Mentorix\" \/>\n<meta property=\"article:publisher\" content=\"https:\/\/www.facebook.com\/Mentorix\/\" \/>\n<meta property=\"article:modified_time\" content=\"2025-06-17T12:39:03+00:00\" \/>\n<meta property=\"og:image\" content=\"https:\/\/mentorix.dk\/wp-content\/uploads\/2023\/01\/ITIL4-manual--jpeg.webp\" \/>\n\t<meta property=\"og:image:width\" content=\"386\" \/>\n\t<meta property=\"og:image:height\" content=\"500\" \/>\n\t<meta property=\"og:image:type\" content=\"image\/jpeg\" \/>\n<meta name=\"twitter:card\" content=\"summary_large_image\" \/>\n<meta name=\"twitter:label1\" content=\"Est. reading time\" \/>\n\t<meta name=\"twitter:data1\" content=\"2 minutes\" \/>\n<script type=\"application\/ld+json\" class=\"yoast-schema-graph\">{\"@context\":\"https:\\\/\\\/schema.org\",\"@graph\":[{\"@type\":\"WebPage\",\"@id\":\"https:\\\/\\\/mentorix.dk\\\/en\\\/courses\\\/itil-4-foundation-master-it-service-management-master-it-service-management\\\/\",\"url\":\"https:\\\/\\\/mentorix.dk\\\/en\\\/courses\\\/itil-4-foundation-master-it-service-management-master-it-service-management\\\/\",\"name\":\"ITIL Foundation manual - 4 edition - Mentorix\",\"isPartOf\":{\"@id\":\"https:\\\/\\\/mentorix.dk\\\/en\\\/#website\"},\"datePublished\":\"2023-02-13T09:32:41+00:00\",\"dateModified\":\"2025-06-17T12:39:03+00:00\",\"description\":\"Get ITIL 4 Foundation certified: Learn IT service management, digital service delivery, and value streams to enhance IT operations effectively\",\"breadcrumb\":{\"@id\":\"https:\\\/\\\/mentorix.dk\\\/en\\\/courses\\\/itil-4-foundation-master-it-service-management-master-it-service-management\\\/#breadcrumb\"},\"inLanguage\":\"en-US\",\"potentialAction\":[{\"@type\":\"ReadAction\",\"target\":[\"https:\\\/\\\/mentorix.dk\\\/en\\\/courses\\\/itil-4-foundation-master-it-service-management-master-it-service-management\\\/\"]}]},{\"@type\":\"BreadcrumbList\",\"@id\":\"https:\\\/\\\/mentorix.dk\\\/en\\\/courses\\\/itil-4-foundation-master-it-service-management-master-it-service-management\\\/#breadcrumb\",\"itemListElement\":[{\"@type\":\"ListItem\",\"position\":1,\"name\":\"Home\",\"item\":\"https:\\\/\\\/mentorix.dk\\\/en\\\/\"},{\"@type\":\"ListItem\",\"position\":2,\"name\":\"Course Overview\",\"item\":\"https:\\\/\\\/mentorix.dk\\\/kursusoversigt\\\/\"},{\"@type\":\"ListItem\",\"position\":3,\"name\":\"ITIL Foundation manual &#8211; 4 edition\"}]},{\"@type\":\"WebSite\",\"@id\":\"https:\\\/\\\/mentorix.dk\\\/en\\\/#website\",\"url\":\"https:\\\/\\\/mentorix.dk\\\/en\\\/\",\"name\":\"Mentorix\",\"description\":\"Kursus i projektledelse | Bliv certificeret projektleder | Mentorix\",\"publisher\":{\"@id\":\"https:\\\/\\\/mentorix.dk\\\/en\\\/#organization\"},\"potentialAction\":[{\"@type\":\"SearchAction\",\"target\":{\"@type\":\"EntryPoint\",\"urlTemplate\":\"https:\\\/\\\/mentorix.dk\\\/en\\\/?s={search_term_string}\"},\"query-input\":{\"@type\":\"PropertyValueSpecification\",\"valueRequired\":true,\"valueName\":\"search_term_string\"}}],\"inLanguage\":\"en-US\"},{\"@type\":\"Organization\",\"@id\":\"https:\\\/\\\/mentorix.dk\\\/en\\\/#organization\",\"name\":\"Mentorix\",\"url\":\"https:\\\/\\\/mentorix.dk\\\/en\\\/\",\"logo\":{\"@type\":\"ImageObject\",\"inLanguage\":\"en-US\",\"@id\":\"https:\\\/\\\/mentorix.dk\\\/en\\\/#\\\/schema\\\/logo\\\/image\\\/\",\"url\":\"https:\\\/\\\/mentorix.dk\\\/wp-content\\\/uploads\\\/2022\\\/12\\\/image005.png\",\"contentUrl\":\"https:\\\/\\\/mentorix.dk\\\/wp-content\\\/uploads\\\/2022\\\/12\\\/image005.png\",\"width\":1057,\"height\":324,\"caption\":\"Mentorix\"},\"image\":{\"@id\":\"https:\\\/\\\/mentorix.dk\\\/en\\\/#\\\/schema\\\/logo\\\/image\\\/\"},\"sameAs\":[\"https:\\\/\\\/www.facebook.com\\\/Mentorix\\\/\",\"https:\\\/\\\/www.linkedin.com\\\/company\\\/mentorixdk\\\/\"]}]}<\/script>\n<!-- \/ Yoast SEO plugin. -->","yoast_head_json":{"title":"ITIL Foundation manual - 4 edition - Mentorix","description":"Get ITIL 4 Foundation certified: Learn IT service management, digital service delivery, and value streams to enhance IT operations effectively","robots":{"index":"index","follow":"follow","max-snippet":"max-snippet:-1","max-image-preview":"max-image-preview:large","max-video-preview":"max-video-preview:-1"},"canonical":"https:\/\/mentorix.dk\/en\/courses\/itil-4-foundation-master-it-service-management-master-it-service-management\/","og_locale":"en_US","og_type":"article","og_title":"ITIL Foundation manual - 4 edition - Mentorix","og_description":"Get ITIL 4 Foundation certified: Learn IT service management, digital service delivery, and value streams to enhance IT operations effectively","og_url":"https:\/\/mentorix.dk\/en\/courses\/itil-4-foundation-master-it-service-management-master-it-service-management\/","og_site_name":"Mentorix","article_publisher":"https:\/\/www.facebook.com\/Mentorix\/","article_modified_time":"2025-06-17T12:39:03+00:00","og_image":[{"width":386,"height":500,"url":"https:\/\/mentorix.dk\/wp-content\/uploads\/2023\/01\/ITIL4-manual--jpeg.webp","type":"image\/jpeg"}],"twitter_card":"summary_large_image","twitter_misc":{"Est. reading time":"2 minutes"},"schema":{"@context":"https:\/\/schema.org","@graph":[{"@type":"WebPage","@id":"https:\/\/mentorix.dk\/en\/courses\/itil-4-foundation-master-it-service-management-master-it-service-management\/","url":"https:\/\/mentorix.dk\/en\/courses\/itil-4-foundation-master-it-service-management-master-it-service-management\/","name":"ITIL Foundation manual - 4 edition - Mentorix","isPartOf":{"@id":"https:\/\/mentorix.dk\/en\/#website"},"datePublished":"2023-02-13T09:32:41+00:00","dateModified":"2025-06-17T12:39:03+00:00","description":"Get ITIL 4 Foundation certified: Learn IT service management, digital service delivery, and value streams to enhance IT operations effectively","breadcrumb":{"@id":"https:\/\/mentorix.dk\/en\/courses\/itil-4-foundation-master-it-service-management-master-it-service-management\/#breadcrumb"},"inLanguage":"en-US","potentialAction":[{"@type":"ReadAction","target":["https:\/\/mentorix.dk\/en\/courses\/itil-4-foundation-master-it-service-management-master-it-service-management\/"]}]},{"@type":"BreadcrumbList","@id":"https:\/\/mentorix.dk\/en\/courses\/itil-4-foundation-master-it-service-management-master-it-service-management\/#breadcrumb","itemListElement":[{"@type":"ListItem","position":1,"name":"Home","item":"https:\/\/mentorix.dk\/en\/"},{"@type":"ListItem","position":2,"name":"Course Overview","item":"https:\/\/mentorix.dk\/kursusoversigt\/"},{"@type":"ListItem","position":3,"name":"ITIL Foundation manual &#8211; 4 edition"}]},{"@type":"WebSite","@id":"https:\/\/mentorix.dk\/en\/#website","url":"https:\/\/mentorix.dk\/en\/","name":"Mentorix","description":"Kursus i projektledelse | Bliv certificeret projektleder | Mentorix","publisher":{"@id":"https:\/\/mentorix.dk\/en\/#organization"},"potentialAction":[{"@type":"SearchAction","target":{"@type":"EntryPoint","urlTemplate":"https:\/\/mentorix.dk\/en\/?s={search_term_string}"},"query-input":{"@type":"PropertyValueSpecification","valueRequired":true,"valueName":"search_term_string"}}],"inLanguage":"en-US"},{"@type":"Organization","@id":"https:\/\/mentorix.dk\/en\/#organization","name":"Mentorix","url":"https:\/\/mentorix.dk\/en\/","logo":{"@type":"ImageObject","inLanguage":"en-US","@id":"https:\/\/mentorix.dk\/en\/#\/schema\/logo\/image\/","url":"https:\/\/mentorix.dk\/wp-content\/uploads\/2022\/12\/image005.png","contentUrl":"https:\/\/mentorix.dk\/wp-content\/uploads\/2022\/12\/image005.png","width":1057,"height":324,"caption":"Mentorix"},"image":{"@id":"https:\/\/mentorix.dk\/en\/#\/schema\/logo\/image\/"},"sameAs":["https:\/\/www.facebook.com\/Mentorix\/","https:\/\/www.linkedin.com\/company\/mentorixdk\/"]}]}},"_links":{"self":[{"href":"https:\/\/mentorix.dk\/en\/wp-json\/wp\/v2\/product\/8535","targetHints":{"allow":["GET"]}}],"collection":[{"href":"https:\/\/mentorix.dk\/en\/wp-json\/wp\/v2\/product"}],"about":[{"href":"https:\/\/mentorix.dk\/en\/wp-json\/wp\/v2\/types\/product"}],"wp:attachment":[{"href":"https:\/\/mentorix.dk\/en\/wp-json\/wp\/v2\/media?parent=8535"}],"wp:term":[{"taxonomy":"product_brand","embeddable":true,"href":"https:\/\/mentorix.dk\/en\/wp-json\/wp\/v2\/product_brand?post=8535"},{"taxonomy":"product_cat","embeddable":true,"href":"https:\/\/mentorix.dk\/en\/wp-json\/wp\/v2\/product_cat?post=8535"},{"taxonomy":"product_tag","embeddable":true,"href":"https:\/\/mentorix.dk\/en\/wp-json\/wp\/v2\/product_tag?post=8535"}],"curies":[{"name":"wp","href":"https:\/\/api.w.org\/{rel}","templated":true}]}}